{"id":15,"date":"2012-02-13T13:08:11","date_gmt":"2012-02-13T13:08:11","guid":{"rendered":"http:\/\/www.bnleasing.cz\/?page_id=15"},"modified":"2012-02-13T14:59:36","modified_gmt":"2012-02-13T14:59:36","slug":"kontakty","status":"publish","type":"page","link":"https:\/\/www.bnleasing.cz\/?page_id=15","title":{"rendered":"Kontakty"},"content":{"rendered":"<p>BN LEASING, a.s.<br \/>\nTyr\u0161ova 2070, 256 01 Bene\u0161ov<br \/>\ntelefon: 317 723 245 &#8211; fax: 317 723 245<br \/>\nmobil: 606 607 153,  602 430 284<br \/>\nI\u010c: 61672726 &#8211; DI\u010c: CZ61672726<br \/>\ninternet: www.bnleasing.cz &#8211; email: bnleasing(at)bnleasing.cz<br \/>\nGPS Loc: 49\u00b046&#8217;52.15\u201dN,14\u00b041&#8217;3.97\u201dE &#8211; <a href=\"http:\/\/www.mapy.cz\/?mapType=hybrid&amp;zoom=16&amp;centerX=133673328&amp;centerY=134861488&amp;portWidth=654&amp;portHeight=773&amp;forceMapParams=1&amp;query=bene%C5%A1ov&amp;page=1&amp;searchPort=124834725_122324865_146264997_145704833&amp;userMarkX=133673024&amp;userMarkY=134859088&amp;userMarkTitle=www.bnleasing.cz&amp;userMarkDescription=www.bnleasing.cz\">m\u00edsto na map\u011b<\/a>{mailform}<\/p>\n","protected":false},"excerpt":{"rendered":"<p>BN LEASING, a.s. Tyr\u0161ova 2070, 256 01 Bene\u0161ov telefon: 317 723 245 &#8211; fax: 317 723 245 mobil: 606 607 153, 602 430 284 I\u010c: 61672726 &#8211; DI\u010c: CZ61672726 internet: www.bnleasing.cz &#8211; email: bnleasing(at)bnleasing.cz GPS Loc: 49\u00b046&#8217;52.15\u201dN,14\u00b041&#8217;3.97\u201dE &#8211; m\u00edsto na map\u011b{mailform}<\/p>\n","protected":false},"author":1,"featured_media":0,"parent":0,"menu_order":9,"comment_status":"open","ping_status":"open","template":"","meta":{"ngg_post_thumbnail":0,"footnotes":""},"class_list":["post-15","page","type-page","status-publish","hentry"],"_links":{"self":[{"href":"https:\/\/www.bnleasing.cz\/index.php?rest_route=\/wp\/v2\/pages\/15","targetHints":{"allow":["GET"]}}],"collection":[{"href":"https:\/\/www.bnleasing.cz\/index.php?rest_route=\/wp\/v2\/pages"}],"about":[{"href":"https:\/\/www.bnleasing.cz\/index.php?rest_route=\/wp\/v2\/types\/page"}],"author":[{"embeddable":true,"href":"https:\/\/www.bnleasing.cz\/index.php?rest_route=\/wp\/v2\/users\/1"}],"replies":[{"embeddable":true,"href":"https:\/\/www.bnleasing.cz\/index.php?rest_route=%2Fwp%2Fv2%2Fcomments&post=15"}],"version-history":[{"count":2,"href":"https:\/\/www.bnleasing.cz\/index.php?rest_route=\/wp\/v2\/pages\/15\/revisions"}],"predecessor-version":[{"id":17,"href":"https:\/\/www.bnleasing.cz\/index.php?rest_route=\/wp\/v2\/pages\/15\/revisions\/17"}],"wp:attachment":[{"href":"https:\/\/www.bnleasing.cz\/index.php?rest_route=%2Fwp%2Fv2%2Fmedia&parent=15"}],"curies":[{"name":"wp","href":"https:\/\/api.w.org\/{rel}","templated":true}]}}